{"id":61828,"date":"2021-07-05T15:53:13","date_gmt":"2021-07-05T14:53:13","guid":{"rendered":"https:\/\/www.kurlify.com\/verzendbeleid\/"},"modified":"2022-09-19T13:38:08","modified_gmt":"2022-09-19T12:38:08","slug":"schifffahrtspolitik","status":"publish","type":"page","link":"https:\/\/www.kurlify.com\/de\/schifffahrtspolitik\/","title":{"rendered":"Versand"},"content":{"rendered":"\t\t<div data-elementor-type=\"wp-page\" data-elementor-id=\"61828\" class=\"elementor elementor-61828 elementor-39609\" data-elementor-post-type=\"page\">\n\t\t\t\t\t\t<section class=\"elementor-section elementor-top-section elementor-element elementor-element-8dad374 elementor-section-boxed elementor-section-height-default elementor-section-height-default\" data-id=\"8dad374\" data-element_type=\"section\">\n\t\t\t\t\t\t<div class=\"elementor-container elementor-column-gap-default\">\n\t\t\t\t\t<div class=\"elementor-column elementor-col-100 elementor-top-column elementor-element elementor-element-d1fae59\" data-id=\"d1fae59\" data-element_type=\"column\">\n\t\t\t<div class=\"elementor-widget-wrap elementor-element-populated\">\n\t\t\t\t\t\t<div class=\"elementor-element elementor-element-53ca5ab elementor-widget elementor-widget-heading\" data-id=\"53ca5ab\" data-element_type=\"widget\" data-widget_type=\"heading.default\">\n\t\t\t\t<div class=\"elementor-widget-container\">\n\t\t\t\t\t<h1 class=\"elementor-heading-title elementor-size-default\">Versandpolitik<\/h1>\t\t\t\t<\/div>\n\t\t\t\t<\/div>\n\t\t\t\t<div class=\"elementor-element elementor-element-091b4e7 elementor-widget elementor-widget-text-editor\" data-id=\"091b4e7\" data-element_type=\"widget\" data-widget_type=\"text-editor.default\">\n\t\t\t\t<div class=\"elementor-widget-container\">\n\t\t\t\t\t\t\t\t\t<p>Wir von Kurlify sind bestrebt, Ihre Bestellung so schnell wie m\u00f6glich an die gew\u00fcnschte Lieferadresse zu versenden. Wenn Sie an Werktagen vor 16.30 Uhr bestellen, wird Ihre Bestellung, sofern vorr\u00e4tig, noch am selben Tag versandt.<\/p>\t\t\t\t\t\t\t\t<\/div>\n\t\t\t\t<\/div>\n\t\t\t\t<div class=\"elementor-element elementor-element-7967e80 elementor-widget elementor-widget-heading\" data-id=\"7967e80\" data-element_type=\"widget\" data-widget_type=\"heading.default\">\n\t\t\t\t<div class=\"elementor-widget-container\">\n\t\t\t\t\t<h2 class=\"elementor-heading-title elementor-size-default\">Versandkosten und Lieferzeiten<\/h2>\t\t\t\t<\/div>\n\t\t\t\t<\/div>\n\t\t\t\t<div class=\"elementor-element elementor-element-03e631a elementor-widget elementor-widget-text-editor\" data-id=\"03e631a\" data-element_type=\"widget\" data-widget_type=\"text-editor.default\">\n\t\t\t\t<div class=\"elementor-widget-container\">\n\t\t\t\t\t\t\t\t\t<p>Unsere Pakete werden mit PostNL verschickt. Die Lieferzeit h\u00e4ngt davon ab, wie stark PostN ausgelastet ist. Leider haben wir darauf wenig oder gar keinen Einfluss. Gemeinsam mit PostNL sind wir bestrebt, alle Bestellungen, die an Werktagen vor 16:30 Uhr bestellt werden, am n\u00e4chsten Tag an die gew\u00fcnschte Lieferadresse zu liefern.<\/p><p>M\u00f6chten Sie Ihre Bestellung lieber zu einem sp\u00e4teren Zeitpunkt erhalten? Dann empfehlen wir Ihnen, \u00fcber die Kontaktseite eine Nachricht an unseren <a href=\"https:\/\/www.kurlify.com\/de\/kontakt\/\">Kundenservice<\/a> zu senden.<\/p>\t\t\t\t\t\t\t\t<\/div>\n\t\t\t\t<\/div>\n\t\t\t\t<div class=\"elementor-element elementor-element-ad78882 elementor-widget elementor-widget-heading\" data-id=\"ad78882\" data-element_type=\"widget\" data-widget_type=\"heading.default\">\n\t\t\t\t<div class=\"elementor-widget-container\">\n\t\t\t\t\t<h2 class=\"elementor-heading-title elementor-size-default\">Kosten f\u00fcr den Versand<\/h2>\t\t\t\t<\/div>\n\t\t\t\t<\/div>\n\t\t\t\t<div class=\"elementor-element elementor-element-21c68ad elementor-widget elementor-widget-text-editor\" data-id=\"21c68ad\" data-element_type=\"widget\" data-widget_type=\"text-editor.default\">\n\t\t\t\t<div class=\"elementor-widget-container\">\n\t\t\t\t\t\t\t\t\t<ul><li>Bestellungen <strong>unter<\/strong> 60 \u20ac: 8,60 \u20ac Versandkosten<\/li><li>Bestellungen <strong>\u00fcber<\/strong> 60 \u20ac: Versandkostenfrei<\/li><li>An Werktagen vor 16:30 Uhr bestellt? Ihre Bestellung wird noch am selben Tag verschickt<\/li><\/ul>\t\t\t\t\t\t\t\t<\/div>\n\t\t\t\t<\/div>\n\t\t\t\t<div class=\"elementor-element elementor-element-4921e29 elementor-widget elementor-widget-heading\" data-id=\"4921e29\" data-element_type=\"widget\" data-widget_type=\"heading.default\">\n\t\t\t\t<div class=\"elementor-widget-container\">\n\t\t\t\t\t<h2 class=\"elementor-heading-title elementor-size-default\">Versendung und R\u00fcckverfolgung\n<\/h2>\t\t\t\t<\/div>\n\t\t\t\t<\/div>\n\t\t\t\t<div class=\"elementor-element elementor-element-aec7130 elementor-widget elementor-widget-text-editor\" data-id=\"aec7130\" data-element_type=\"widget\" data-widget_type=\"text-editor.default\">\n\t\t\t\t<div class=\"elementor-widget-container\">\n\t\t\t\t\t\t\t\t\t<p>Sobald Ihre Bestellung versandt wurde, senden wir Ihnen eine E-Mail mit einer Versandbest\u00e4tigung und einer Tracking-Nummer.<\/p>\t\t\t\t\t\t\t\t<\/div>\n\t\t\t\t<\/div>\n\t\t\t\t<div class=\"elementor-element elementor-element-89d4d06 elementor-widget elementor-widget-heading\" data-id=\"89d4d06\" data-element_type=\"widget\" data-widget_type=\"heading.default\">\n\t\t\t\t<div class=\"elementor-widget-container\">\n\t\t\t\t\t<h2 class=\"elementor-heading-title elementor-size-default\">Ich habe meine Adresse falsch eingegeben!<\/h2>\t\t\t\t<\/div>\n\t\t\t\t<\/div>\n\t\t\t\t<div class=\"elementor-element elementor-element-52f89e0 elementor-widget elementor-widget-text-editor\" data-id=\"52f89e0\" data-element_type=\"widget\" data-widget_type=\"text-editor.default\">\n\t\t\t\t<div class=\"elementor-widget-container\">\n\t\t\t\t\t\t\t\t\t<p>Kein Problem, aber wir k\u00f6nnen Ihnen nur helfen, wenn Sie uns sofort Bescheid geben und Ihr Paket noch nicht versandt wurde. Bitte senden Sie so bald wie m\u00f6glich eine E-Mail mit der korrekten Adresse und Ihrer Bestellnummer an <a href=\"mailto:hi@kurlify.com\">hi@kurlify.com<\/a>.<\/p><p>Wurde Ihr Paket bereits verschickt? Dann k\u00f6nnen wir es f\u00fcr die Standardversandkosten von 5,95 \u20ac in den Niederlanden erneut versenden. Muss das Paket nach Belgien oder Deutschland geschickt werden? Dann berechnen wir Versandkosten in H\u00f6he von 8,60 \u20ac.<\/p>\t\t\t\t\t\t\t\t<\/div>\n\t\t\t\t<\/div>\n\t\t\t\t<div class=\"elementor-element elementor-element-10d859e elementor-widget elementor-widget-heading\" data-id=\"10d859e\" data-element_type=\"widget\" data-widget_type=\"heading.default\">\n\t\t\t\t<div class=\"elementor-widget-container\">\n\t\t\t\t\t<h2 class=\"elementor-heading-title elementor-size-default\">Ich habe mein Paket nicht erhalten!<\/h2>\t\t\t\t<\/div>\n\t\t\t\t<\/div>\n\t\t\t\t<div class=\"elementor-element elementor-element-5240634 elementor-widget elementor-widget-text-editor\" data-id=\"5240634\" data-element_type=\"widget\" data-widget_type=\"text-editor.default\">\n\t\t\t\t<div class=\"elementor-widget-container\">\n\t\t\t\t\t\t\t\t\t<p>Das ist \u00e4rgerlich und nat\u00fcrlich nicht die Absicht! Sind Sie sicher, dass die Adresse korrekt ist und die Bestellung nicht versehentlich an die Nachbarn geliefert wurde?<br \/>Wenden Sie sich zun\u00e4chst an den Spediteur des Pakets (PostNL). K\u00f6nnen sie Ihnen nicht helfen? Dann k\u00f6nnen Sie uns unter <a href=\"mailto:hi@kurlify.com\">hi@kurlify.com<\/a> kontaktieren.<\/p>\t\t\t\t\t\t\t\t<\/div>\n\t\t\t\t<\/div>\n\t\t\t\t<div class=\"elementor-element elementor-element-aea212d elementor-widget elementor-widget-heading\" data-id=\"aea212d\" data-element_type=\"widget\" data-widget_type=\"heading.default\">\n\t\t\t\t<div class=\"elementor-widget-container\">\n\t\t\t\t\t<h2 class=\"elementor-heading-title elementor-size-default\">Meine Produkte sind nicht ordnungsgem\u00e4\u00df angekommen oder sind besch\u00e4digt<\/h2>\t\t\t\t<\/div>\n\t\t\t\t<\/div>\n\t\t\t\t<div class=\"elementor-element elementor-element-eae9555 elementor-widget elementor-widget-text-editor\" data-id=\"eae9555\" data-element_type=\"widget\" data-widget_type=\"text-editor.default\">\n\t\t\t\t<div class=\"elementor-widget-container\">\n\t\t\t\t\t\t\t\t\t<p>Unser Hauptanliegen ist es, Ihr Paket gut zu verpacken, damit keine besch\u00e4digten Produkte bei Ihnen ankommen. Es kann jedoch vorkommen, dass beim Spediteur etwas passiert und Ihr Paket besch\u00e4digt wird. Dann wollen wir Ihnen nat\u00fcrlich helfen. Senden Sie eine E-Mail (mit einem Foto) an <a href=\"mailto:hi@kurlify.com\">hi@kurlify.com<\/a>. Dann werden wir es f\u00fcr Sie l\u00f6sen!<\/p>\t\t\t\t\t\t\t\t<\/div>\n\t\t\t\t<\/div>\n\t\t\t\t<div class=\"elementor-element elementor-element-e073945 elementor-widget elementor-widget-heading\" data-id=\"e073945\" data-element_type=\"widget\" data-widget_type=\"heading.default\">\n\t\t\t\t<div class=\"elementor-widget-container\">\n\t\t\t\t\t<h2 class=\"elementor-heading-title elementor-size-default\">Ich bin nicht zu Hause, wenn die Bestellung geliefert wird<\/h2>\t\t\t\t<\/div>\n\t\t\t\t<\/div>\n\t\t\t\t<div class=\"elementor-element elementor-element-c0797a6 elementor-widget elementor-widget-text-editor\" data-id=\"c0797a6\" data-element_type=\"widget\" data-widget_type=\"text-editor.default\">\n\t\t\t\t<div class=\"elementor-widget-container\">\n\t\t\t\t\t\t\t\t\tSind Sie nicht zu Hause, wenn Ihre Bestellung geliefert wird? Dann hinterl\u00e4sst PostNL eine Abholbenachrichtigung in Ihrem Briefkasten, und Sie k\u00f6nnen Ihre Bestellung bei einer PostNL-Abholstelle abholen. Bewahren Sie diesen Hinweis auf. Kein Zettel im Briefkasten? Der Standort kann mit Ihrem Track &#038; Trace-Code ermittelt werden.\t\t\t\t\t\t\t\t<\/div>\n\t\t\t\t<\/div>\n\t\t\t\t<div class=\"elementor-element elementor-element-3c8ce28 elementor-widget elementor-widget-heading\" data-id=\"3c8ce28\" data-element_type=\"widget\" data-widget_type=\"heading.default\">\n\t\t\t\t<div class=\"elementor-widget-container\">\n\t\t\t\t\t<h2 class=\"elementor-heading-title elementor-size-default\">Die Bestellung ist nun doch nicht verf\u00fcgbar<\/h2>\t\t\t\t<\/div>\n\t\t\t\t<\/div>\n\t\t\t\t<div class=\"elementor-element elementor-element-a19f69b elementor-widget elementor-widget-text-editor\" data-id=\"a19f69b\" data-element_type=\"widget\" data-widget_type=\"text-editor.default\">\n\t\t\t\t<div class=\"elementor-widget-container\">\n\t\t\t\t\t\t\t\t\t<p>Wir arbeiten jeden Tag hart daran, unser Online-Sortiment st\u00e4ndig zu aktualisieren, damit der Bestand auf der Website auf dem neuesten Stand ist. Leider kann es in Ausnahmef\u00e4llen vorkommen, dass ein Artikel w\u00e4hrend der Bearbeitung einer Bestellung nicht mehr vorr\u00e4tig ist.<\/p><p>Sollte ein Artikel wider Erwarten nicht vorr\u00e4tig sein, benachrichtigen wir Sie innerhalb von drei Werktagen und erstatten oder korrigieren die Klarna-Rechnung innerhalb von 14 Tagen.<\/p>\t\t\t\t\t\t\t\t<\/div>\n\t\t\t\t<\/div>\n\t\t\t\t<div class=\"elementor-element elementor-element-eb43b4e elementor-widget elementor-widget-text-editor\" data-id=\"eb43b4e\" data-element_type=\"widget\" data-widget_type=\"text-editor.default\">\n\t\t\t\t<div class=\"elementor-widget-container\">\n\t\t\t\t\t\t\t\t\t<div id=\"mediavine-settings\" data-blocklist-all=\"1\"><\/div>\t\t\t\t\t\t\t\t<\/div>\n\t\t\t\t<\/div>\n\t\t\t\t\t<\/div>\n\t\t<\/div>\n\t\t\t\t\t<\/div>\n\t\t<\/section>\n\t\t\t\t<\/div>\n\t\t","protected":false},"excerpt":{"rendered":"<p>Versandpolitik Wir von Kurlify sind bestrebt, Ihre Bestellung so schnell wie m\u00f6glich an die gew\u00fcnschte Lieferadresse zu versenden. Wenn Sie an Werktagen vor 16.30 Uhr bestellen, wird Ihre Bestellung, sofern vorr\u00e4tig, noch am selben Tag versandt. Versandkosten und Lieferzeiten Unsere Pakete werden mit PostNL verschickt. Die Lieferzeit h\u00e4ngt davon ab, wie stark PostN ausgelastet ist. [&hellip;]<\/p>\n","protected":false},"author":8,"featured_media":0,"parent":0,"menu_order":0,"comment_status":"closed","ping_status":"closed","template":"","meta":{"_acf_changed":false,"footnotes":""},"class_list":["post-61828","page","type-page","status-publish","hentry"],"acf":[],"yoast_head":"<!-- This site is optimized with the Yoast SEO plugin v27.1.1 - https:\/\/yoast.com\/product\/yoast-seo-wordpress\/ -->\n<title>Versand - Kurlify<\/title>\n<meta name=\"description\" content=\"Bei www.kurlify.com sind wir bestrebt, Ihre Bestellung so schnell wie m\u00f6glich zu versenden. Hier k\u00f6nnen Sie auch mehr \u00fcber unsere R\u00fcckgabepolitik lesen.\" \/>\n<meta name=\"robots\" content=\"noindex, nofollow\" \/>\n<meta property=\"og:locale\" content=\"de_DE\" \/>\n<meta property=\"og:type\" content=\"article\" \/>\n<meta property=\"og:title\" content=\"Versand - Kurlify\" \/>\n<meta property=\"og:description\" content=\"Bei www.kurlify.com sind wir bestrebt, Ihre Bestellung so schnell wie m\u00f6glich zu versenden. Hier k\u00f6nnen Sie auch mehr \u00fcber unsere R\u00fcckgabepolitik lesen.\" \/>\n<meta property=\"og:url\" content=\"https:\/\/www.kurlify.com\/de\/schifffahrtspolitik\/\" \/>\n<meta property=\"og:site_name\" content=\"Kurlify\" \/>\n<meta property=\"article:publisher\" content=\"https:\/\/www.facebook.com\/kurlify\" \/>\n<meta property=\"article:modified_time\" content=\"2022-09-19T12:38:08+00:00\" \/>\n<meta name=\"twitter:card\" content=\"summary_large_image\" \/>\n<meta name=\"twitter:site\" content=\"@kurlify_\" \/>\n<meta name=\"twitter:label1\" content=\"Gesch\u00e4tzte Lesezeit\" \/>\n\t<meta name=\"twitter:data1\" content=\"3\u00a0Minuten\" \/>\n<script type=\"application\/ld+json\" class=\"yoast-schema-graph\">{\"@context\":\"https:\/\/schema.org\",\"@graph\":[{\"@type\":\"WebPage\",\"@id\":\"https:\/\/www.kurlify.com\/de\/schifffahrtspolitik\/\",\"url\":\"https:\/\/www.kurlify.com\/de\/schifffahrtspolitik\/\",\"name\":\"Versand - Kurlify\",\"isPartOf\":{\"@id\":\"https:\/\/www.kurlify.com\/de\/#website\"},\"datePublished\":\"2021-07-05T14:53:13+00:00\",\"dateModified\":\"2022-09-19T12:38:08+00:00\",\"description\":\"Bei www.kurlify.com sind wir bestrebt, Ihre Bestellung so schnell wie m\u00f6glich zu versenden. Hier k\u00f6nnen Sie auch mehr \u00fcber unsere R\u00fcckgabepolitik lesen.\",\"breadcrumb\":{\"@id\":\"https:\/\/www.kurlify.com\/de\/schifffahrtspolitik\/#breadcrumb\"},\"inLanguage\":\"de\",\"potentialAction\":[{\"@type\":\"ReadAction\",\"target\":[\"https:\/\/www.kurlify.com\/de\/schifffahrtspolitik\/\"]}]},{\"@type\":\"BreadcrumbList\",\"@id\":\"https:\/\/www.kurlify.com\/de\/schifffahrtspolitik\/#breadcrumb\",\"itemListElement\":[{\"@type\":\"ListItem\",\"position\":1,\"name\":\"Home\",\"item\":\"https:\/\/www.kurlify.com\/de\/\"},{\"@type\":\"ListItem\",\"position\":2,\"name\":\"Versand\"}]},{\"@type\":\"WebSite\",\"@id\":\"https:\/\/www.kurlify.com\/de\/#website\",\"url\":\"https:\/\/www.kurlify.com\/de\/\",\"name\":\"Kurlify\",\"description\":\"\",\"publisher\":{\"@id\":\"https:\/\/www.kurlify.com\/de\/#organization\"},\"potentialAction\":[{\"@type\":\"SearchAction\",\"target\":{\"@type\":\"EntryPoint\",\"urlTemplate\":\"https:\/\/www.kurlify.com\/de\/?s={search_term_string}\"},\"query-input\":{\"@type\":\"PropertyValueSpecification\",\"valueRequired\":true,\"valueName\":\"search_term_string\"}}],\"inLanguage\":\"de\"},{\"@type\":\"Organization\",\"@id\":\"https:\/\/www.kurlify.com\/de\/#organization\",\"name\":\"Kurlify\",\"url\":\"https:\/\/www.kurlify.com\/de\/\",\"logo\":{\"@type\":\"ImageObject\",\"inLanguage\":\"de\",\"@id\":\"https:\/\/www.kurlify.com\/de\/#\/schema\/logo\/image\/\",\"url\":\"https:\/\/www.kurlify.com\/wp-content\/uploads\/2020\/03\/Logo_Kurlify_coily_square.png\",\"contentUrl\":\"https:\/\/www.kurlify.com\/wp-content\/uploads\/2020\/03\/Logo_Kurlify_coily_square.png\",\"width\":499,\"height\":499,\"caption\":\"Kurlify\"},\"image\":{\"@id\":\"https:\/\/www.kurlify.com\/de\/#\/schema\/logo\/image\/\"},\"sameAs\":[\"https:\/\/www.facebook.com\/kurlify\",\"https:\/\/x.com\/kurlify_\",\"https:\/\/www.instagram.com\/kurlify\/\",\"https:\/\/www.pinterest.com\/Kurlify\/\"]}]}<\/script>\n<!-- \/ Yoast SEO plugin. -->","yoast_head_json":{"title":"Versand - Kurlify","description":"Bei www.kurlify.com sind wir bestrebt, Ihre Bestellung so schnell wie m\u00f6glich zu versenden. Hier k\u00f6nnen Sie auch mehr \u00fcber unsere R\u00fcckgabepolitik lesen.","robots":{"index":"noindex","follow":"nofollow"},"og_locale":"de_DE","og_type":"article","og_title":"Versand - Kurlify","og_description":"Bei www.kurlify.com sind wir bestrebt, Ihre Bestellung so schnell wie m\u00f6glich zu versenden. Hier k\u00f6nnen Sie auch mehr \u00fcber unsere R\u00fcckgabepolitik lesen.","og_url":"https:\/\/www.kurlify.com\/de\/schifffahrtspolitik\/","og_site_name":"Kurlify","article_publisher":"https:\/\/www.facebook.com\/kurlify","article_modified_time":"2022-09-19T12:38:08+00:00","twitter_card":"summary_large_image","twitter_site":"@kurlify_","twitter_misc":{"Gesch\u00e4tzte Lesezeit":"3\u00a0Minuten"},"schema":{"@context":"https:\/\/schema.org","@graph":[{"@type":"WebPage","@id":"https:\/\/www.kurlify.com\/de\/schifffahrtspolitik\/","url":"https:\/\/www.kurlify.com\/de\/schifffahrtspolitik\/","name":"Versand - Kurlify","isPartOf":{"@id":"https:\/\/www.kurlify.com\/de\/#website"},"datePublished":"2021-07-05T14:53:13+00:00","dateModified":"2022-09-19T12:38:08+00:00","description":"Bei www.kurlify.com sind wir bestrebt, Ihre Bestellung so schnell wie m\u00f6glich zu versenden. Hier k\u00f6nnen Sie auch mehr \u00fcber unsere R\u00fcckgabepolitik lesen.","breadcrumb":{"@id":"https:\/\/www.kurlify.com\/de\/schifffahrtspolitik\/#breadcrumb"},"inLanguage":"de","potentialAction":[{"@type":"ReadAction","target":["https:\/\/www.kurlify.com\/de\/schifffahrtspolitik\/"]}]},{"@type":"BreadcrumbList","@id":"https:\/\/www.kurlify.com\/de\/schifffahrtspolitik\/#breadcrumb","itemListElement":[{"@type":"ListItem","position":1,"name":"Home","item":"https:\/\/www.kurlify.com\/de\/"},{"@type":"ListItem","position":2,"name":"Versand"}]},{"@type":"WebSite","@id":"https:\/\/www.kurlify.com\/de\/#website","url":"https:\/\/www.kurlify.com\/de\/","name":"Kurlify","description":"","publisher":{"@id":"https:\/\/www.kurlify.com\/de\/#organization"},"potentialAction":[{"@type":"SearchAction","target":{"@type":"EntryPoint","urlTemplate":"https:\/\/www.kurlify.com\/de\/?s={search_term_string}"},"query-input":{"@type":"PropertyValueSpecification","valueRequired":true,"valueName":"search_term_string"}}],"inLanguage":"de"},{"@type":"Organization","@id":"https:\/\/www.kurlify.com\/de\/#organization","name":"Kurlify","url":"https:\/\/www.kurlify.com\/de\/","logo":{"@type":"ImageObject","inLanguage":"de","@id":"https:\/\/www.kurlify.com\/de\/#\/schema\/logo\/image\/","url":"https:\/\/www.kurlify.com\/wp-content\/uploads\/2020\/03\/Logo_Kurlify_coily_square.png","contentUrl":"https:\/\/www.kurlify.com\/wp-content\/uploads\/2020\/03\/Logo_Kurlify_coily_square.png","width":499,"height":499,"caption":"Kurlify"},"image":{"@id":"https:\/\/www.kurlify.com\/de\/#\/schema\/logo\/image\/"},"sameAs":["https:\/\/www.facebook.com\/kurlify","https:\/\/x.com\/kurlify_","https:\/\/www.instagram.com\/kurlify\/","https:\/\/www.pinterest.com\/Kurlify\/"]}]}},"_links":{"self":[{"href":"https:\/\/www.kurlify.com\/de\/wp-json\/wp\/v2\/pages\/61828","targetHints":{"allow":["GET"]}}],"collection":[{"href":"https:\/\/www.kurlify.com\/de\/wp-json\/wp\/v2\/pages"}],"about":[{"href":"https:\/\/www.kurlify.com\/de\/wp-json\/wp\/v2\/types\/page"}],"author":[{"embeddable":true,"href":"https:\/\/www.kurlify.com\/de\/wp-json\/wp\/v2\/users\/8"}],"replies":[{"embeddable":true,"href":"https:\/\/www.kurlify.com\/de\/wp-json\/wp\/v2\/comments?post=61828"}],"version-history":[{"count":5,"href":"https:\/\/www.kurlify.com\/de\/wp-json\/wp\/v2\/pages\/61828\/revisions"}],"predecessor-version":[{"id":70979,"href":"https:\/\/www.kurlify.com\/de\/wp-json\/wp\/v2\/pages\/61828\/revisions\/70979"}],"wp:attachment":[{"href":"https:\/\/www.kurlify.com\/de\/wp-json\/wp\/v2\/media?parent=61828"}],"curies":[{"name":"wp","href":"https:\/\/api.w.org\/{rel}","templated":true}]}}